{"id":9,"date":"2020-11-12T16:26:12","date_gmt":"2020-11-12T15:26:12","guid":{"rendered":"http:\/\/marildc.cluster030.hosting.ovh.net\/?page_id=9"},"modified":"2025-11-21T21:14:34","modified_gmt":"2025-11-21T20:14:34","slug":"biographie","status":"publish","type":"page","link":"https:\/\/www.marildasimonidhi.fr\/index.php\/biographie\/","title":{"rendered":"Biographie"},"content":{"rendered":"\n<p class=\"has-text-align-left\">Depuis 2013 : Directrice de l\u2019atelier-mus\u00e9e d\u2019art graphique d\u2019Arcueil<br>   &#8211; Conseil et guide les artistes voulant apprendre ou approfondir les techniques de la gravure (taille douce, linogravure, photogravure\u2026), aide \u00e0 la conception de livre d\u2019artistes.<br>   &#8211; D\u00e9finition et d\u00e9veloppement des activit\u00e9s de l\u2019atelier par la cr\u00e9ation de 4 domaines d\u2019excellence : l\u2019atelier, la formation, la galerie et le patrimoine.<br>   &#8211; Sensibilisation d\u2019enfants aux arts graphiques en leur offrant une formation artistique.<br>   &#8211; Conception et r\u00e9alisation de projets avec des \u00e9coles (\u00e9coles primaires, coll\u00e8ges et \u00e9cole d\u2019art) et des centres de loisir.<br>   &#8211; Cr\u00e9ation de liens avec les institutions, notamment par le montage de dossier de subventions.<\/p>\n\n\n\n<p>2011 \u00e0 2014&nbsp;: Membre du Conseil d\u2019Administration Manifestampe<\/p>\n\n\n\n<p>2012&nbsp;: Gravure Ornementale, technique du burin, \u00c9cole Boule \u2013 Atelier du professeur Marc Robert<\/p>\n\n\n\n<p>2002 \u00e0 2013&nbsp;:&nbsp;Animatrice artistique de l\u2019Association ETR Balistic Graphique<\/p>\n\n\n\n<p>2004 : Impression taille-douce, couleur \u2013 Atelier Moret.<\/p>\n\n\n\n<p>2001 : Suivi des cours de licence d\u2019Histoire de l\u2019Art, Universit\u00e9 Pierre Mend\u00e8s France, Grenoble, France <\/p>\n\n\n\n<p>2000 : Dipl\u00f4me des Beaux Arts, Sp\u00e9cialit\u00e9 Peinture \u2013 Academia Albertina delle Belle Arti, Turin, Italie<\/p>\n\n\n<div class=\"wp-block-image is-style-default\">\n<figure class=\"aligncenter size-large is-resized\"><img loading=\"lazy\" decoding=\"async\" width=\"1000\" height=\"665\" src=\"http:\/\/www.marildasimonidhi.fr\/wp-content\/uploads\/DSC_2323_mod.jpg\" alt=\"\" class=\"wp-image-274\" style=\"width:350px\" srcset=\"https:\/\/www.marildasimonidhi.fr\/wp-content\/uploads\/DSC_2323_mod.jpg 1000w, https:\/\/www.marildasimonidhi.fr\/wp-content\/uploads\/DSC_2323_mod-300x200.jpg 300w, https:\/\/www.marildasimonidhi.fr\/wp-content\/uploads\/DSC_2323_mod-768x511.jpg 768w\" sizes=\"auto, (max-width: 1000px) 100vw, 1000px\" \/><\/figure><\/div>\n\n\n<h2 class=\"wp-block-heading\">Expositions<\/h2>\n\n\n\n<p><\/p>\n\n\n\n<figure class=\"wp-block-table is-style-stripes\">\n\n<table>\n    <colgroup>\n      <col style=\"width: 12%;\">   <!-- premi\u00e8re colonne -->\n      <col style=\"width: 88%;\">  <!-- deuxi\u00e8me colonne -->\n    <\/colgroup>\n\n<tbody>\n<tr><td>2025<\/td><td>\n<strong>&#8211; Soci\u00e9t\u00e9 des Peintres Graveurs &#8211; \u00ab\u00a0\u00c9motions\u00a0\u00bb<\/strong> &#8211; Paris VI &#8211; 19.11 au 10.12<br>\n<strong>&#8211; Galerie Anaphora<\/strong> &#8211; Paris V &#8211; 12.11 au 20.12<br>\n<strong>&#8211; 12\u00e8me triennale mondiale d\u2019estampe de Chamali\u00e8res<\/strong> &#8211; 27.09 au 09.11<br>\n<strong>&#8211; Galerie ETR Balistic Graphique &#8211; \u00ab\u00a0Reflet\u00a0\u00bb<\/strong> &#8211; Arcueil &#8211; 22.04 au 22.09\n<\/td><\/tr>\n\n<tr><td>2024<\/td><td>\n<strong>&#8211; Galerie Anaphora<\/strong> &#8211; Paris V &#8211; 20.11 au 19.12<br>\n<strong>&#8211; 1\u00e8re Biennale Internationale de gravure de Ch\u00e2tillon<\/strong> \u2013 09.10 au 20.10<br>\n<strong>&#8211; Galerie ETR Balistic Graphique &#8211; \u00ab\u00a0Le Jeu\u00a0\u00bb<\/strong> &#8211; Arcueil &#8211; 22.04 au 22.09\n<\/td><\/tr>\n\n<tr><td>2023<\/td><td>\n<strong>&#8211; Galerie Anaphora<\/strong> &#8211; Paris V &#8211; 08.11 au 20.12<br>\n<strong>&#8211; Exposition Art&rsquo;cueil, les jeunes commissaires, 7\u00b0\u00e9dition<\/strong>, 09.11 au 07.12<br>\n<strong>&#8211; 3rd International Triennial of Graphic Arts Livno <\/strong> &#8211; 26.06 au 01.10\n<\/td><\/tr>\n\n<tr><td>2010 \u00e0 2025<\/td><td><strong>Journ\u00e9e de l&rsquo;estampe contemporaine, St Sulpice &#8211; Paris VI<\/td><\/tr>\n<tr><td>2022<\/td><td><strong>&#8211; Bastille Design<\/strong> &#8211; Paris XI &#8211; 21-23.10<br>\n<strong>&#8211; Fondation Taylor &#8211; Pointe et Burin<\/strong> &#8211; Paris IX &#8211; 28.04 au 21.05<br>\n<strong>&#8211; 5<sup>e<\/sup> Biennale de l\u2019Hay-Les-Roses &#8211; Invit\u00e9e d\u2019honneur<\/strong>, 07-15.03<\/td><\/tr>\n<tr><td>2021<\/td><td><strong>Galerie OpenBach, \u00ab Impressions Partag\u00e9es \u00bb<\/strong> &#8211; Paris XIII, 13-17.10 <\/td><\/tr>\n<tr><td>2019<\/td><td><strong>19<sup>e<\/sup> Biennale internationale de la gravure de Sarcelles<\/strong>, 23.11 au 08.12<\/td><\/tr>\n<tr><td>2011<\/td><td><strong> Galerie ETR Balistic Graphique &#8211; Arcueil &#8211; Les Illustrations grav\u00e9es d&rsquo;Eug\u00e8ne Hubert<\/strong> : impression des clich\u00e9s originaux ayant servi \u00e0 l&rsquo;\u00e9dition d\u2019un des classiques de l\u2019histoire r\u00e9gionale du Bas Berry paru entre 1902 et 1929<\/td><\/tr>\n<tr><td>2002 \u00e0 2012<\/td><td><strong> Galerie ETR Balistic Graphique &#8211; Journ\u00e9es de soutien ETR Balistic<\/strong> &#8211; Arcueil &#8211; 2005, 2006, 2007, 2009, 2011 &#8211; Cachan &#8211; 2008, 2011, 2012<\/td><\/tr>\n<tr><td>2005<\/td><td><strong>Biennale de l&rsquo;estampe de Saint-Maure<\/strong> &#8211; Villa Medicis, 21.05 au 11.09<\/td><\/tr>\n<\/tbody><\/table><\/figure>\n\n\n\n<h2 class=\"wp-block-heading\">Publications<\/h2>\n\n\n\n<figure class=\"wp-block-table is-style-stripes\">\n<table>\n    <colgroup>\n      <col style=\"width: 12%;\">   <!-- premi\u00e8re colonne -->\n      <col style=\"width: 88%;\">  <!-- deuxi\u00e8me colonne -->\n    <\/colgroup>\n<tbody>\n<tr><td>2025<\/td><td><strong>Catalogue de la 12<sup>\u00e8mesup> triennale mondiale d\u2019estampe de Chamali\u00e8res, ISBN 979-10-979429-0-8 <\/strong><\/td><\/tr>\n<tr><td>2025<\/td><td><strong>Reflet, Editions Balistic Graphique<\/strong>, ISBN  978-2-9547804-2-9<\/td><\/tr>\n<tr><td>2024<\/td><td><strong>Le Jeu, Editions Balistic Graphique<\/strong>, ISBN 978-2-9547804-1-2<\/td><\/tr>\n<tr><td>2023<\/td><td><strong>Actuel de l&rsquo;estampe n\u00b027<\/strong><\/td><\/tr>\n<tr><td>2023<\/td><td><strong>Catalogue of the 3<sup>rd<\/sup> International Triennial of Graphic Arts Livno 2023 \/ 3. me\u0111unarodni trijenale grafike Livno<\/strong><\/td><\/tr>\n<tr><td>2022<\/td><td><strong>Catalogue de la 64<sup>e<\/sup> exposition de Pointe et Burin<\/strong>, Fondation Taylor<\/td><\/tr>\n<tr><td>2019<\/td><td><strong>Catalogue de la biennale de l&rsquo;estampe de Sarcelles 2019<\/strong><\/td><\/tr>\n<tr><td>2014<\/td><td><strong>Aimez-vous l&rsquo;art<\/strong>, Interviews dessin\u00e9es, Fr\u00e9d\u00e9ric Elka\u00efm &amp; France Dumas; Edition MAGELLAN &amp; Cie, ISBN : 978-2-35074-281-6<\/td><\/tr>\n<tr><td>2014<\/td><td><strong>10 ans d\u2019estampes,<\/strong> Editions Balistic Graphique, ISBN 978-2-9547804-0-5<\/td><\/tr>\n<tr><td>2005<\/td><td><strong>Entre ciel et terre.<\/strong> Catalogue de la biennale de l&rsquo;estampe de Saint-Maure 2005<\/td><\/tr>\n<tr><td>2000<\/td><td><strong>Critique<\/strong> dans Corriere dell\u2019Arte du 15\/01\/00, Anno 6 &#8211; N.2, p.1.<\/td><\/tr>\n<tr><td>1999<\/td><td><strong>Gruliasco nei disegni della scuola di Pittura di Gianfranco Rizzi.<\/strong> Catalogue d\u2019exposition.<\/td><\/tr>\n<tr><td>1998<\/td><td><strong>Patchwork (2).<\/strong> Catalogue sous la direction de Carlo Guiliano.<\/td><\/tr><\/tbody><\/table><\/figure>\n","protected":false},"excerpt":{"rendered":"<p>Depuis 2013 : Directrice de l\u2019atelier-mus\u00e9e d\u2019art graphique d\u2019Arcueil &#8211; Conseil et guide les artistes voulant apprendre ou approfondir les techniques de la gravure (taille douce, linogravure, photogravure\u2026), aide \u00e0 la conception de livre d\u2019artistes. &#8211; D\u00e9finition et d\u00e9veloppement des activit\u00e9s de l\u2019atelier par la &hellip; <a href=\"https:\/\/www.marildasimonidhi.fr\/index.php\/biographie\/\" class=\"more-link\"><span>Continuer la lecture<span class=\"screen-reader-text\">Biographie<\/span><\/span><\/a><\/p>\n","protected":false},"author":2,"featured_media":0,"parent":0,"menu_order":0,"comment_status":"closed","ping_status":"closed","template":"","meta":{"footnotes":""},"class_list":["post-9","page","type-page","status-publish","hentry"],"yoast_head":"<!-- This site is optimized with the Yoast SEO plugin v26.4 - https:\/\/yoast.com\/wordpress\/plugins\/seo\/ -->\n<title>Biographie - Marilda Simonidhi<\/title>\n<meta name=\"description\" content=\"Marilda Simonidhi, n\u00e9e \u00e0 Tirana (Albanie), a \u00e9tudi\u00e9 \u00e0 l\u2019acad\u00e9mie des Beaux Art de Turin o\u00f9 elle se sp\u00e9cialise \u00e0 la peinture et la gravure puis elle vient s\u2019installer en France en 2001. Elle effectue un stage chez l\u2019imprimeur taille-doucier Daniel Moret, puis suit des cours du burin de Marc Robert \u00e0 l\u2019\u00e9cole Boulle. A partir de 2002, elle revitalise l\u2019atelier de gravure ETR Balistic Graphique \u00e0 Arcueil en assurant un support artistique \u00e0 des artistes de tous horizons.\" \/>\n<meta name=\"robots\" content=\"index, follow, max-snippet:-1, max-image-preview:large, max-video-preview:-1\" \/>\n<link rel=\"canonical\" href=\"https:\/\/www.marildasimonidhi.fr\/index.php\/biographie\/\" \/>\n<meta property=\"og:locale\" content=\"fr_FR\" \/>\n<meta property=\"og:type\" content=\"article\" \/>\n<meta property=\"og:title\" content=\"Biographie - Marilda Simonidhi\" \/>\n<meta property=\"og:description\" content=\"Marilda Simonidhi, n\u00e9e \u00e0 Tirana (Albanie), a \u00e9tudi\u00e9 \u00e0 l\u2019acad\u00e9mie des Beaux Art de Turin o\u00f9 elle se sp\u00e9cialise \u00e0 la peinture et la gravure puis elle vient s\u2019installer en France en 2001. Elle effectue un stage chez l\u2019imprimeur taille-doucier Daniel Moret, puis suit des cours du burin de Marc Robert \u00e0 l\u2019\u00e9cole Boulle. A partir de 2002, elle revitalise l\u2019atelier de gravure ETR Balistic Graphique \u00e0 Arcueil en assurant un support artistique \u00e0 des artistes de tous horizons.\" \/>\n<meta property=\"og:url\" content=\"https:\/\/www.marildasimonidhi.fr\/index.php\/biographie\/\" \/>\n<meta property=\"og:site_name\" content=\"Marilda Simonidhi\" \/>\n<meta property=\"article:publisher\" content=\"https:\/\/www.facebook.com\/marilda.simonidhi\" \/>\n<meta property=\"article:modified_time\" content=\"2025-11-21T20:14:34+00:00\" \/>\n<meta property=\"og:image\" content=\"https:\/\/www.marildasimonidhi.fr\/wp-content\/uploads\/DSC_2323_mod.jpg\" \/>\n\t<meta property=\"og:image:width\" content=\"1000\" \/>\n\t<meta property=\"og:image:height\" content=\"665\" \/>\n\t<meta property=\"og:image:type\" content=\"image\/jpeg\" \/>\n<meta name=\"twitter:card\" content=\"summary_large_image\" \/>\n<meta name=\"twitter:label1\" content=\"Dur\u00e9e de lecture estim\u00e9e\" \/>\n\t<meta name=\"twitter:data1\" content=\"3 minutes\" \/>\n<script type=\"application\/ld+json\" class=\"yoast-schema-graph\">{\"@context\":\"https:\/\/schema.org\",\"@graph\":[{\"@type\":\"WebPage\",\"@id\":\"https:\/\/www.marildasimonidhi.fr\/index.php\/biographie\/\",\"url\":\"https:\/\/www.marildasimonidhi.fr\/index.php\/biographie\/\",\"name\":\"Biographie - Marilda Simonidhi\",\"isPartOf\":{\"@id\":\"https:\/\/www.marildasimonidhi.fr\/#website\"},\"primaryImageOfPage\":{\"@id\":\"https:\/\/www.marildasimonidhi.fr\/index.php\/biographie\/#primaryimage\"},\"image\":{\"@id\":\"https:\/\/www.marildasimonidhi.fr\/index.php\/biographie\/#primaryimage\"},\"thumbnailUrl\":\"http:\/\/www.marildasimonidhi.fr\/wp-content\/uploads\/DSC_2323_mod.jpg\",\"datePublished\":\"2020-11-12T15:26:12+00:00\",\"dateModified\":\"2025-11-21T20:14:34+00:00\",\"description\":\"Marilda Simonidhi, n\u00e9e \u00e0 Tirana (Albanie), a \u00e9tudi\u00e9 \u00e0 l\u2019acad\u00e9mie des Beaux Art de Turin o\u00f9 elle se sp\u00e9cialise \u00e0 la peinture et la gravure puis elle vient s\u2019installer en France en 2001. Elle effectue un stage chez l\u2019imprimeur taille-doucier Daniel Moret, puis suit des cours du burin de Marc Robert \u00e0 l\u2019\u00e9cole Boulle. A partir de 2002, elle revitalise l\u2019atelier de gravure ETR Balistic Graphique \u00e0 Arcueil en assurant un support artistique \u00e0 des artistes de tous horizons.\",\"breadcrumb\":{\"@id\":\"https:\/\/www.marildasimonidhi.fr\/index.php\/biographie\/#breadcrumb\"},\"inLanguage\":\"fr-FR\",\"potentialAction\":[{\"@type\":\"ReadAction\",\"target\":[\"https:\/\/www.marildasimonidhi.fr\/index.php\/biographie\/\"]}]},{\"@type\":\"ImageObject\",\"inLanguage\":\"fr-FR\",\"@id\":\"https:\/\/www.marildasimonidhi.fr\/index.php\/biographie\/#primaryimage\",\"url\":\"https:\/\/www.marildasimonidhi.fr\/wp-content\/uploads\/DSC_2323_mod.jpg\",\"contentUrl\":\"https:\/\/www.marildasimonidhi.fr\/wp-content\/uploads\/DSC_2323_mod.jpg\",\"width\":1000,\"height\":665},{\"@type\":\"BreadcrumbList\",\"@id\":\"https:\/\/www.marildasimonidhi.fr\/index.php\/biographie\/#breadcrumb\",\"itemListElement\":[{\"@type\":\"ListItem\",\"position\":1,\"name\":\"Accueil\",\"item\":\"https:\/\/www.marildasimonidhi.fr\/\"},{\"@type\":\"ListItem\",\"position\":2,\"name\":\"Biographie\"}]},{\"@type\":\"WebSite\",\"@id\":\"https:\/\/www.marildasimonidhi.fr\/#website\",\"url\":\"https:\/\/www.marildasimonidhi.fr\/\",\"name\":\"Marilda Simonidhi\",\"description\":\"artiste graveure\",\"potentialAction\":[{\"@type\":\"SearchAction\",\"target\":{\"@type\":\"EntryPoint\",\"urlTemplate\":\"https:\/\/www.marildasimonidhi.fr\/?s={search_term_string}\"},\"query-input\":{\"@type\":\"PropertyValueSpecification\",\"valueRequired\":true,\"valueName\":\"search_term_string\"}}],\"inLanguage\":\"fr-FR\"}]}<\/script>\n<!-- \/ Yoast SEO plugin. -->","yoast_head_json":{"title":"Biographie - Marilda Simonidhi","description":"Marilda Simonidhi, n\u00e9e \u00e0 Tirana (Albanie), a \u00e9tudi\u00e9 \u00e0 l\u2019acad\u00e9mie des Beaux Art de Turin o\u00f9 elle se sp\u00e9cialise \u00e0 la peinture et la gravure puis elle vient s\u2019installer en France en 2001. Elle effectue un stage chez l\u2019imprimeur taille-doucier Daniel Moret, puis suit des cours du burin de Marc Robert \u00e0 l\u2019\u00e9cole Boulle. A partir de 2002, elle revitalise l\u2019atelier de gravure ETR Balistic Graphique \u00e0 Arcueil en assurant un support artistique \u00e0 des artistes de tous horizons.","robots":{"index":"index","follow":"follow","max-snippet":"max-snippet:-1","max-image-preview":"max-image-preview:large","max-video-preview":"max-video-preview:-1"},"canonical":"https:\/\/www.marildasimonidhi.fr\/index.php\/biographie\/","og_locale":"fr_FR","og_type":"article","og_title":"Biographie - Marilda Simonidhi","og_description":"Marilda Simonidhi, n\u00e9e \u00e0 Tirana (Albanie), a \u00e9tudi\u00e9 \u00e0 l\u2019acad\u00e9mie des Beaux Art de Turin o\u00f9 elle se sp\u00e9cialise \u00e0 la peinture et la gravure puis elle vient s\u2019installer en France en 2001. Elle effectue un stage chez l\u2019imprimeur taille-doucier Daniel Moret, puis suit des cours du burin de Marc Robert \u00e0 l\u2019\u00e9cole Boulle. A partir de 2002, elle revitalise l\u2019atelier de gravure ETR Balistic Graphique \u00e0 Arcueil en assurant un support artistique \u00e0 des artistes de tous horizons.","og_url":"https:\/\/www.marildasimonidhi.fr\/index.php\/biographie\/","og_site_name":"Marilda Simonidhi","article_publisher":"https:\/\/www.facebook.com\/marilda.simonidhi","article_modified_time":"2025-11-21T20:14:34+00:00","og_image":[{"width":1000,"height":665,"url":"https:\/\/www.marildasimonidhi.fr\/wp-content\/uploads\/DSC_2323_mod.jpg","type":"image\/jpeg"}],"twitter_card":"summary_large_image","twitter_misc":{"Dur\u00e9e de lecture estim\u00e9e":"3 minutes"},"schema":{"@context":"https:\/\/schema.org","@graph":[{"@type":"WebPage","@id":"https:\/\/www.marildasimonidhi.fr\/index.php\/biographie\/","url":"https:\/\/www.marildasimonidhi.fr\/index.php\/biographie\/","name":"Biographie - Marilda Simonidhi","isPartOf":{"@id":"https:\/\/www.marildasimonidhi.fr\/#website"},"primaryImageOfPage":{"@id":"https:\/\/www.marildasimonidhi.fr\/index.php\/biographie\/#primaryimage"},"image":{"@id":"https:\/\/www.marildasimonidhi.fr\/index.php\/biographie\/#primaryimage"},"thumbnailUrl":"http:\/\/www.marildasimonidhi.fr\/wp-content\/uploads\/DSC_2323_mod.jpg","datePublished":"2020-11-12T15:26:12+00:00","dateModified":"2025-11-21T20:14:34+00:00","description":"Marilda Simonidhi, n\u00e9e \u00e0 Tirana (Albanie), a \u00e9tudi\u00e9 \u00e0 l\u2019acad\u00e9mie des Beaux Art de Turin o\u00f9 elle se sp\u00e9cialise \u00e0 la peinture et la gravure puis elle vient s\u2019installer en France en 2001. Elle effectue un stage chez l\u2019imprimeur taille-doucier Daniel Moret, puis suit des cours du burin de Marc Robert \u00e0 l\u2019\u00e9cole Boulle. A partir de 2002, elle revitalise l\u2019atelier de gravure ETR Balistic Graphique \u00e0 Arcueil en assurant un support artistique \u00e0 des artistes de tous horizons.","breadcrumb":{"@id":"https:\/\/www.marildasimonidhi.fr\/index.php\/biographie\/#breadcrumb"},"inLanguage":"fr-FR","potentialAction":[{"@type":"ReadAction","target":["https:\/\/www.marildasimonidhi.fr\/index.php\/biographie\/"]}]},{"@type":"ImageObject","inLanguage":"fr-FR","@id":"https:\/\/www.marildasimonidhi.fr\/index.php\/biographie\/#primaryimage","url":"https:\/\/www.marildasimonidhi.fr\/wp-content\/uploads\/DSC_2323_mod.jpg","contentUrl":"https:\/\/www.marildasimonidhi.fr\/wp-content\/uploads\/DSC_2323_mod.jpg","width":1000,"height":665},{"@type":"BreadcrumbList","@id":"https:\/\/www.marildasimonidhi.fr\/index.php\/biographie\/#breadcrumb","itemListElement":[{"@type":"ListItem","position":1,"name":"Accueil","item":"https:\/\/www.marildasimonidhi.fr\/"},{"@type":"ListItem","position":2,"name":"Biographie"}]},{"@type":"WebSite","@id":"https:\/\/www.marildasimonidhi.fr\/#website","url":"https:\/\/www.marildasimonidhi.fr\/","name":"Marilda Simonidhi","description":"artiste graveure","potentialAction":[{"@type":"SearchAction","target":{"@type":"EntryPoint","urlTemplate":"https:\/\/www.marildasimonidhi.fr\/?s={search_term_string}"},"query-input":{"@type":"PropertyValueSpecification","valueRequired":true,"valueName":"search_term_string"}}],"inLanguage":"fr-FR"}]}},"jetpack_sharing_enabled":true,"_links":{"self":[{"href":"https:\/\/www.marildasimonidhi.fr\/index.php\/wp-json\/wp\/v2\/pages\/9","targetHints":{"allow":["GET"]}}],"collection":[{"href":"https:\/\/www.marildasimonidhi.fr\/index.php\/wp-json\/wp\/v2\/pages"}],"about":[{"href":"https:\/\/www.marildasimonidhi.fr\/index.php\/wp-json\/wp\/v2\/types\/page"}],"author":[{"embeddable":true,"href":"https:\/\/www.marildasimonidhi.fr\/index.php\/wp-json\/wp\/v2\/users\/2"}],"replies":[{"embeddable":true,"href":"https:\/\/www.marildasimonidhi.fr\/index.php\/wp-json\/wp\/v2\/comments?post=9"}],"version-history":[{"count":48,"href":"https:\/\/www.marildasimonidhi.fr\/index.php\/wp-json\/wp\/v2\/pages\/9\/revisions"}],"predecessor-version":[{"id":565,"href":"https:\/\/www.marildasimonidhi.fr\/index.php\/wp-json\/wp\/v2\/pages\/9\/revisions\/565"}],"wp:attachment":[{"href":"https:\/\/www.marildasimonidhi.fr\/index.php\/wp-json\/wp\/v2\/media?parent=9"}],"curies":[{"name":"wp","href":"https:\/\/api.w.org\/{rel}","templated":true}]}}