{"id":53,"date":"2020-11-12T17:00:04","date_gmt":"2020-11-12T16:00:04","guid":{"rendered":"http:\/\/marildc.cluster030.hosting.ovh.net\/?page_id=53"},"modified":"2020-11-14T15:54:14","modified_gmt":"2020-11-14T14:54:14","slug":"accueil","status":"publish","type":"page","link":"https:\/\/www.marildasimonidhi.fr\/","title":{"rendered":"Accueil"},"content":{"rendered":"\n<p>Marilda Simonidhi, n\u00e9e \u00e0 Tirana (Albanie), a \u00e9tudi\u00e9 \u00e0 l\u2019acad\u00e9mie des Beaux Art de Turin o\u00f9 elle se sp\u00e9cialise \u00e0 la peinture et la gravure puis elle vient s\u2019installer en France en 2001. Elle effectue un stage chez l\u2019imprimeur taille-doucier Daniel Moret, puis suit des cours du burin de Marc Robert \u00e0 l\u2019\u00e9cole Boulle. A partir de 2002, elle revitalise l\u2019atelier de gravure ETR Balistic Graphique \u00e0 Arcueil en assurant un support artistique \u00e0 des artistes de tous horizons.<\/p>\n\n\n\n<p>Aujourd\u2019hui, elle partage son activit\u00e9 entre la direction de l\u2019atelier et ses propres recherches consacr\u00e9es \u00e0 la gravure. Elle s\u2019y investit fortement comme dans un laboratoire o\u00f9 elle r\u00e9invente les proc\u00e9d\u00e9s de fabrication des estampes. Elle met toute son \u00e9nergie \u00e0 maitriser la chaine compl\u00e8te de production de ses \u0153uvres, de la cr\u00e9ation des matrices jusqu\u2019aux impressions finalis\u00e9es. Dans son \u0153uvre grav\u00e9e, elle combine de multiples techniques&nbsp;: eau-forte, aquatinte, sucre, pointe s\u00e8che ou mani\u00e8re noire, pour interpr\u00e9ter de fa\u00e7on contemporaine ses sujets de gravure. On peut voir ses \u0153uvres r\u00e9guli\u00e8rement lors d\u2019expositions et dans son atelier ouvert au public toute l\u2019ann\u00e9e.<\/p>\n","protected":false},"excerpt":{"rendered":"<p>Marilda Simonidhi, n\u00e9e \u00e0 Tirana (Albanie), a \u00e9tudi\u00e9 \u00e0 l\u2019acad\u00e9mie des Beaux Art de Turin o\u00f9 elle se sp\u00e9cialise \u00e0 la peinture et la gravure puis elle vient s\u2019installer en France en 2001. Elle effectue un stage chez l\u2019imprimeur taille-doucier Daniel Moret, puis suit des &hellip; <a href=\"https:\/\/www.marildasimonidhi.fr\/\" class=\"more-link\"><span>Continuer la lecture<span class=\"screen-reader-text\">Accueil<\/span><\/span><\/a><\/p>\n","protected":false},"author":2,"featured_media":0,"parent":0,"menu_order":0,"comment_status":"closed","ping_status":"closed","template":"","meta":{"footnotes":""},"class_list":["post-53","page","type-page","status-publish","hentry"],"yoast_head":"<!-- This site is optimized with the Yoast SEO plugin v26.4 - https:\/\/yoast.com\/wordpress\/plugins\/seo\/ -->\n<title>Accueil - Marilda Simonidhi<\/title>\n<meta name=\"robots\" content=\"index, follow, max-snippet:-1, max-image-preview:large, max-video-preview:-1\" \/>\n<link rel=\"canonical\" href=\"https:\/\/www.marildasimonidhi.fr\/\" \/>\n<meta property=\"og:locale\" content=\"fr_FR\" \/>\n<meta property=\"og:type\" content=\"article\" \/>\n<meta property=\"og:title\" content=\"Accueil - Marilda Simonidhi\" \/>\n<meta property=\"og:description\" content=\"Marilda Simonidhi, n\u00e9e \u00e0 Tirana (Albanie), a \u00e9tudi\u00e9 \u00e0 l\u2019acad\u00e9mie des Beaux Art de Turin o\u00f9 elle se sp\u00e9cialise \u00e0 la peinture et la gravure puis elle vient s\u2019installer en France en 2001. Elle effectue un stage chez l\u2019imprimeur taille-doucier Daniel Moret, puis suit des &hellip; Continuer la lectureAccueil\" \/>\n<meta property=\"og:url\" content=\"https:\/\/www.marildasimonidhi.fr\/\" \/>\n<meta property=\"og:site_name\" content=\"Marilda Simonidhi\" \/>\n<meta property=\"article:publisher\" content=\"https:\/\/www.facebook.com\/marilda.simonidhi\" \/>\n<meta property=\"article:modified_time\" content=\"2020-11-14T14:54:14+00:00\" \/>\n<meta name=\"twitter:card\" content=\"summary_large_image\" \/>\n<meta name=\"twitter:label1\" content=\"Dur\u00e9e de lecture estim\u00e9e\" \/>\n\t<meta name=\"twitter:data1\" content=\"1 minute\" \/>\n<script type=\"application\/ld+json\" class=\"yoast-schema-graph\">{\"@context\":\"https:\/\/schema.org\",\"@graph\":[{\"@type\":\"WebPage\",\"@id\":\"https:\/\/www.marildasimonidhi.fr\/\",\"url\":\"https:\/\/www.marildasimonidhi.fr\/\",\"name\":\"Accueil - Marilda Simonidhi\",\"isPartOf\":{\"@id\":\"https:\/\/www.marildasimonidhi.fr\/#website\"},\"datePublished\":\"2020-11-12T16:00:04+00:00\",\"dateModified\":\"2020-11-14T14:54:14+00:00\",\"breadcrumb\":{\"@id\":\"https:\/\/www.marildasimonidhi.fr\/#breadcrumb\"},\"inLanguage\":\"fr-FR\",\"potentialAction\":[{\"@type\":\"ReadAction\",\"target\":[\"https:\/\/www.marildasimonidhi.fr\/\"]}]},{\"@type\":\"BreadcrumbList\",\"@id\":\"https:\/\/www.marildasimonidhi.fr\/#breadcrumb\",\"itemListElement\":[{\"@type\":\"ListItem\",\"position\":1,\"name\":\"Accueil\",\"item\":\"https:\/\/www.marildasimonidhi.fr\/\"},{\"@type\":\"ListItem\",\"position\":2,\"name\":\"Accueil\"}]},{\"@type\":\"WebSite\",\"@id\":\"https:\/\/www.marildasimonidhi.fr\/#website\",\"url\":\"https:\/\/www.marildasimonidhi.fr\/\",\"name\":\"Marilda Simonidhi\",\"description\":\"artiste graveure\",\"potentialAction\":[{\"@type\":\"SearchAction\",\"target\":{\"@type\":\"EntryPoint\",\"urlTemplate\":\"https:\/\/www.marildasimonidhi.fr\/?s={search_term_string}\"},\"query-input\":{\"@type\":\"PropertyValueSpecification\",\"valueRequired\":true,\"valueName\":\"search_term_string\"}}],\"inLanguage\":\"fr-FR\"}]}<\/script>\n<!-- \/ Yoast SEO plugin. -->","yoast_head_json":{"title":"Accueil - Marilda Simonidhi","robots":{"index":"index","follow":"follow","max-snippet":"max-snippet:-1","max-image-preview":"max-image-preview:large","max-video-preview":"max-video-preview:-1"},"canonical":"https:\/\/www.marildasimonidhi.fr\/","og_locale":"fr_FR","og_type":"article","og_title":"Accueil - Marilda Simonidhi","og_description":"Marilda Simonidhi, n\u00e9e \u00e0 Tirana (Albanie), a \u00e9tudi\u00e9 \u00e0 l\u2019acad\u00e9mie des Beaux Art de Turin o\u00f9 elle se sp\u00e9cialise \u00e0 la peinture et la gravure puis elle vient s\u2019installer en France en 2001. Elle effectue un stage chez l\u2019imprimeur taille-doucier Daniel Moret, puis suit des &hellip; Continuer la lectureAccueil","og_url":"https:\/\/www.marildasimonidhi.fr\/","og_site_name":"Marilda Simonidhi","article_publisher":"https:\/\/www.facebook.com\/marilda.simonidhi","article_modified_time":"2020-11-14T14:54:14+00:00","twitter_card":"summary_large_image","twitter_misc":{"Dur\u00e9e de lecture estim\u00e9e":"1 minute"},"schema":{"@context":"https:\/\/schema.org","@graph":[{"@type":"WebPage","@id":"https:\/\/www.marildasimonidhi.fr\/","url":"https:\/\/www.marildasimonidhi.fr\/","name":"Accueil - Marilda Simonidhi","isPartOf":{"@id":"https:\/\/www.marildasimonidhi.fr\/#website"},"datePublished":"2020-11-12T16:00:04+00:00","dateModified":"2020-11-14T14:54:14+00:00","breadcrumb":{"@id":"https:\/\/www.marildasimonidhi.fr\/#breadcrumb"},"inLanguage":"fr-FR","potentialAction":[{"@type":"ReadAction","target":["https:\/\/www.marildasimonidhi.fr\/"]}]},{"@type":"BreadcrumbList","@id":"https:\/\/www.marildasimonidhi.fr\/#breadcrumb","itemListElement":[{"@type":"ListItem","position":1,"name":"Accueil","item":"https:\/\/www.marildasimonidhi.fr\/"},{"@type":"ListItem","position":2,"name":"Accueil"}]},{"@type":"WebSite","@id":"https:\/\/www.marildasimonidhi.fr\/#website","url":"https:\/\/www.marildasimonidhi.fr\/","name":"Marilda Simonidhi","description":"artiste graveure","potentialAction":[{"@type":"SearchAction","target":{"@type":"EntryPoint","urlTemplate":"https:\/\/www.marildasimonidhi.fr\/?s={search_term_string}"},"query-input":{"@type":"PropertyValueSpecification","valueRequired":true,"valueName":"search_term_string"}}],"inLanguage":"fr-FR"}]}},"jetpack_sharing_enabled":true,"_links":{"self":[{"href":"https:\/\/www.marildasimonidhi.fr\/index.php\/wp-json\/wp\/v2\/pages\/53","targetHints":{"allow":["GET"]}}],"collection":[{"href":"https:\/\/www.marildasimonidhi.fr\/index.php\/wp-json\/wp\/v2\/pages"}],"about":[{"href":"https:\/\/www.marildasimonidhi.fr\/index.php\/wp-json\/wp\/v2\/types\/page"}],"author":[{"embeddable":true,"href":"https:\/\/www.marildasimonidhi.fr\/index.php\/wp-json\/wp\/v2\/users\/2"}],"replies":[{"embeddable":true,"href":"https:\/\/www.marildasimonidhi.fr\/index.php\/wp-json\/wp\/v2\/comments?post=53"}],"version-history":[{"count":9,"href":"https:\/\/www.marildasimonidhi.fr\/index.php\/wp-json\/wp\/v2\/pages\/53\/revisions"}],"predecessor-version":[{"id":290,"href":"https:\/\/www.marildasimonidhi.fr\/index.php\/wp-json\/wp\/v2\/pages\/53\/revisions\/290"}],"wp:attachment":[{"href":"https:\/\/www.marildasimonidhi.fr\/index.php\/wp-json\/wp\/v2\/media?parent=53"}],"curies":[{"name":"wp","href":"https:\/\/api.w.org\/{rel}","templated":true}]}}