{"id":10,"date":"2020-11-12T16:26:12","date_gmt":"2020-11-12T15:26:12","guid":{"rendered":"http:\/\/marildc.cluster030.hosting.ovh.net\/?page_id=10"},"modified":"2020-11-13T12:17:05","modified_gmt":"2020-11-13T11:17:05","slug":"contact-et-liens","status":"publish","type":"page","link":"https:\/\/www.marildasimonidhi.fr\/index.php\/contact-et-liens\/","title":{"rendered":"Liens et Contact"},"content":{"rendered":"\n<h3 class=\"wp-block-heading\">Quelques liens<\/h3>\n\n\n\n<p>Atelier de gravure ETR BALISTIC GRAPHIQUE : <a rel=\"noreferrer noopener\" href=\"https:\/\/href.li\/?http:\/\/etrbalistic.free.fr\" target=\"_blank\">http:\/\/etrbalistic.free.fr<\/a><\/p>\n\n\n\n<p>Manifestampe : <a rel=\"noreferrer noopener\" href=\"https:\/\/href.li\/?https:\/\/www.manifestampe.org\" target=\"_blank\">https:\/\/www.manifestampe.org<\/a><\/p>\n\n\n\n<p>F\u00e9d\u00e9ration des r\u00e9seaux et associations d\u2019artistes plasticiens (FRAAP) : <a rel=\"noreferrer noopener\" href=\"https:\/\/href.li\/?https:\/\/fraap.org\" target=\"_blank\">https:\/\/fraap.org<\/a><\/p>\n\n\n\n<hr class=\"wp-block-separator\"\/>\n\n\n\n<h3 class=\"wp-block-heading\">Me contacter<\/h3>\n\n\n\n<div class=\"wp-block-jetpack-contact-info\">\n<div class=\"wp-block-jetpack-email\"><a href=\"mailto:marilda.simonidhi@gmail.com\">marilda.simonidhi@gmail.com<\/a><\/div>\n<\/div>\n\n\n\n<div class=\"wp-block-group is-layout-flow wp-block-group-is-layout-flow\"><div class=\"wp-block-group__inner-container\"><\/div><\/div>\n\n\n\n<div class=\"wp-block-jetpack-contact-info\">\n<p>ou via le formulaire suivant<\/p>\n<\/div>\n\n\n\n<div class=\"wp-block-jetpack-contact-info\"><\/div>\n\n\n\n<div class=\"wp-block-contact-form-7-contact-form-selector\">\n<div class=\"wpcf7 no-js\" id=\"wpcf7-f83-o1\" lang=\"fr-FR\" dir=\"ltr\" data-wpcf7-id=\"83\">\n<div class=\"screen-reader-response\"><p role=\"status\" aria-live=\"polite\" aria-atomic=\"true\"><\/p> <ul><\/ul><\/div>\n<form action=\"\/index.php\/wp-json\/wp\/v2\/pages\/10#wpcf7-f83-o1\" method=\"post\" class=\"wpcf7-form init\" aria-label=\"Formulaire de contact\" novalidate=\"novalidate\" data-status=\"init\">\n<fieldset class=\"hidden-fields-container\"><input type=\"hidden\" name=\"_wpcf7\" value=\"83\" \/><input type=\"hidden\" name=\"_wpcf7_version\" value=\"6.1.4\" \/><input type=\"hidden\" name=\"_wpcf7_locale\" value=\"fr_FR\" \/><input type=\"hidden\" name=\"_wpcf7_unit_tag\" value=\"wpcf7-f83-o1\" \/><input type=\"hidden\" name=\"_wpcf7_container_post\" value=\"0\" \/><input type=\"hidden\" name=\"_wpcf7_posted_data_hash\" value=\"\" \/><input type=\"hidden\" name=\"_wpcf7_recaptcha_response\" value=\"\" \/>\n<\/fieldset>\n<p><label> Votre nom<br \/>\n<span class=\"wpcf7-form-control-wrap\" data-name=\"your-name\"><input size=\"40\" maxlength=\"400\" class=\"wpcf7-form-control wpcf7-text wpcf7-validates-as-required\" aria-required=\"true\" aria-invalid=\"false\" value=\"\" type=\"text\" name=\"your-name\" \/><\/span> <\/label>\n<\/p>\n<p><label> Votre email<br \/>\n<span class=\"wpcf7-form-control-wrap\" data-name=\"your-email\"><input size=\"40\" maxlength=\"400\" class=\"wpcf7-form-control wpcf7-email wpcf7-validates-as-required wpcf7-text wpcf7-validates-as-email\" aria-required=\"true\" aria-invalid=\"false\" value=\"\" type=\"email\" name=\"your-email\" \/><\/span> <\/label>\n<\/p>\n<p><label> Objet<br \/>\n<span class=\"wpcf7-form-control-wrap\" data-name=\"your-subject\"><input size=\"40\" maxlength=\"400\" class=\"wpcf7-form-control wpcf7-text wpcf7-validates-as-required\" aria-required=\"true\" aria-invalid=\"false\" value=\"\" type=\"text\" name=\"your-subject\" \/><\/span> <\/label>\n<\/p>\n<p><label> Votre message (facultatif)<br \/>\n<span class=\"wpcf7-form-control-wrap\" data-name=\"your-message\"><textarea cols=\"40\" rows=\"10\" maxlength=\"2000\" class=\"wpcf7-form-control wpcf7-textarea\" aria-invalid=\"false\" name=\"your-message\"><\/textarea><\/span> <\/label>\n<\/p>\n<p><input class=\"wpcf7-form-control wpcf7-submit has-spinner\" type=\"submit\" value=\"Envoyer\" \/>\n<\/p><p style=\"display: none !important;\" class=\"akismet-fields-container\" data-prefix=\"_wpcf7_ak_\"><label>&#916;<textarea name=\"_wpcf7_ak_hp_textarea\" cols=\"45\" rows=\"8\" maxlength=\"100\"><\/textarea><\/label><input type=\"hidden\" id=\"ak_js_1\" name=\"_wpcf7_ak_js\" value=\"89\"\/><script>document.getElementById( \"ak_js_1\" ).setAttribute( \"value\", ( new Date() ).getTime() );<\/script><\/p><div class=\"wpcf7-response-output\" aria-hidden=\"true\"><\/div>\n<\/form>\n<\/div>\n<\/div>\n","protected":false},"excerpt":{"rendered":"<p>Quelques liens Atelier de gravure ETR BALISTIC GRAPHIQUE : http:\/\/etrbalistic.free.fr Manifestampe : https:\/\/www.manifestampe.org F\u00e9d\u00e9ration des r\u00e9seaux et associations d\u2019artistes plasticiens (FRAAP) : https:\/\/fraap.org Me contacter<\/p>\n","protected":false},"author":2,"featured_media":0,"parent":0,"menu_order":0,"comment_status":"closed","ping_status":"closed","template":"","meta":{"footnotes":""},"class_list":["post-10","page","type-page","status-publish","hentry"],"yoast_head":"<!-- This site is optimized with the Yoast SEO plugin v26.4 - https:\/\/yoast.com\/wordpress\/plugins\/seo\/ -->\n<title>Liens et Contact - Marilda Simonidhi<\/title>\n<meta name=\"robots\" content=\"index, follow, max-snippet:-1, max-image-preview:large, max-video-preview:-1\" \/>\n<link rel=\"canonical\" href=\"http:\/\/www.marildasimonidhi.fr\/index.php\/contact-et-liens\/\" \/>\n<meta property=\"og:locale\" content=\"fr_FR\" \/>\n<meta property=\"og:type\" content=\"article\" \/>\n<meta property=\"og:title\" content=\"Liens et Contact - Marilda Simonidhi\" \/>\n<meta property=\"og:description\" content=\"Quelques liens Atelier de gravure ETR BALISTIC GRAPHIQUE : http:\/\/etrbalistic.free.fr Manifestampe : https:\/\/www.manifestampe.org F\u00e9d\u00e9ration des r\u00e9seaux et associations d\u2019artistes plasticiens (FRAAP) : https:\/\/fraap.org Me contacter\" \/>\n<meta property=\"og:url\" content=\"http:\/\/www.marildasimonidhi.fr\/index.php\/contact-et-liens\/\" \/>\n<meta property=\"og:site_name\" content=\"Marilda Simonidhi\" \/>\n<meta property=\"article:publisher\" content=\"https:\/\/www.facebook.com\/marilda.simonidhi\" \/>\n<meta property=\"article:modified_time\" content=\"2020-11-13T11:17:05+00:00\" \/>\n<meta name=\"twitter:card\" content=\"summary_large_image\" \/>\n<script type=\"application\/ld+json\" class=\"yoast-schema-graph\">{\"@context\":\"https:\/\/schema.org\",\"@graph\":[{\"@type\":\"WebPage\",\"@id\":\"http:\/\/www.marildasimonidhi.fr\/index.php\/contact-et-liens\/\",\"url\":\"http:\/\/www.marildasimonidhi.fr\/index.php\/contact-et-liens\/\",\"name\":\"Liens et Contact - Marilda Simonidhi\",\"isPartOf\":{\"@id\":\"https:\/\/www.marildasimonidhi.fr\/#website\"},\"datePublished\":\"2020-11-12T15:26:12+00:00\",\"dateModified\":\"2020-11-13T11:17:05+00:00\",\"breadcrumb\":{\"@id\":\"http:\/\/www.marildasimonidhi.fr\/index.php\/contact-et-liens\/#breadcrumb\"},\"inLanguage\":\"fr-FR\",\"potentialAction\":[{\"@type\":\"ReadAction\",\"target\":[\"http:\/\/www.marildasimonidhi.fr\/index.php\/contact-et-liens\/\"]}]},{\"@type\":\"BreadcrumbList\",\"@id\":\"http:\/\/www.marildasimonidhi.fr\/index.php\/contact-et-liens\/#breadcrumb\",\"itemListElement\":[{\"@type\":\"ListItem\",\"position\":1,\"name\":\"Accueil\",\"item\":\"https:\/\/www.marildasimonidhi.fr\/\"},{\"@type\":\"ListItem\",\"position\":2,\"name\":\"Liens et Contact\"}]},{\"@type\":\"WebSite\",\"@id\":\"https:\/\/www.marildasimonidhi.fr\/#website\",\"url\":\"https:\/\/www.marildasimonidhi.fr\/\",\"name\":\"Marilda Simonidhi\",\"description\":\"artiste graveure\",\"potentialAction\":[{\"@type\":\"SearchAction\",\"target\":{\"@type\":\"EntryPoint\",\"urlTemplate\":\"https:\/\/www.marildasimonidhi.fr\/?s={search_term_string}\"},\"query-input\":{\"@type\":\"PropertyValueSpecification\",\"valueRequired\":true,\"valueName\":\"search_term_string\"}}],\"inLanguage\":\"fr-FR\"}]}<\/script>\n<!-- \/ Yoast SEO plugin. -->","yoast_head_json":{"title":"Liens et Contact - Marilda Simonidhi","robots":{"index":"index","follow":"follow","max-snippet":"max-snippet:-1","max-image-preview":"max-image-preview:large","max-video-preview":"max-video-preview:-1"},"canonical":"http:\/\/www.marildasimonidhi.fr\/index.php\/contact-et-liens\/","og_locale":"fr_FR","og_type":"article","og_title":"Liens et Contact - Marilda Simonidhi","og_description":"Quelques liens Atelier de gravure ETR BALISTIC GRAPHIQUE : http:\/\/etrbalistic.free.fr Manifestampe : https:\/\/www.manifestampe.org F\u00e9d\u00e9ration des r\u00e9seaux et associations d\u2019artistes plasticiens (FRAAP) : https:\/\/fraap.org Me contacter","og_url":"http:\/\/www.marildasimonidhi.fr\/index.php\/contact-et-liens\/","og_site_name":"Marilda Simonidhi","article_publisher":"https:\/\/www.facebook.com\/marilda.simonidhi","article_modified_time":"2020-11-13T11:17:05+00:00","twitter_card":"summary_large_image","schema":{"@context":"https:\/\/schema.org","@graph":[{"@type":"WebPage","@id":"http:\/\/www.marildasimonidhi.fr\/index.php\/contact-et-liens\/","url":"http:\/\/www.marildasimonidhi.fr\/index.php\/contact-et-liens\/","name":"Liens et Contact - Marilda Simonidhi","isPartOf":{"@id":"https:\/\/www.marildasimonidhi.fr\/#website"},"datePublished":"2020-11-12T15:26:12+00:00","dateModified":"2020-11-13T11:17:05+00:00","breadcrumb":{"@id":"http:\/\/www.marildasimonidhi.fr\/index.php\/contact-et-liens\/#breadcrumb"},"inLanguage":"fr-FR","potentialAction":[{"@type":"ReadAction","target":["http:\/\/www.marildasimonidhi.fr\/index.php\/contact-et-liens\/"]}]},{"@type":"BreadcrumbList","@id":"http:\/\/www.marildasimonidhi.fr\/index.php\/contact-et-liens\/#breadcrumb","itemListElement":[{"@type":"ListItem","position":1,"name":"Accueil","item":"https:\/\/www.marildasimonidhi.fr\/"},{"@type":"ListItem","position":2,"name":"Liens et Contact"}]},{"@type":"WebSite","@id":"https:\/\/www.marildasimonidhi.fr\/#website","url":"https:\/\/www.marildasimonidhi.fr\/","name":"Marilda Simonidhi","description":"artiste graveure","potentialAction":[{"@type":"SearchAction","target":{"@type":"EntryPoint","urlTemplate":"https:\/\/www.marildasimonidhi.fr\/?s={search_term_string}"},"query-input":{"@type":"PropertyValueSpecification","valueRequired":true,"valueName":"search_term_string"}}],"inLanguage":"fr-FR"}]}},"jetpack_sharing_enabled":true,"_links":{"self":[{"href":"https:\/\/www.marildasimonidhi.fr\/index.php\/wp-json\/wp\/v2\/pages\/10","targetHints":{"allow":["GET"]}}],"collection":[{"href":"https:\/\/www.marildasimonidhi.fr\/index.php\/wp-json\/wp\/v2\/pages"}],"about":[{"href":"https:\/\/www.marildasimonidhi.fr\/index.php\/wp-json\/wp\/v2\/types\/page"}],"author":[{"embeddable":true,"href":"https:\/\/www.marildasimonidhi.fr\/index.php\/wp-json\/wp\/v2\/users\/2"}],"replies":[{"embeddable":true,"href":"https:\/\/www.marildasimonidhi.fr\/index.php\/wp-json\/wp\/v2\/comments?post=10"}],"version-history":[{"count":28,"href":"https:\/\/www.marildasimonidhi.fr\/index.php\/wp-json\/wp\/v2\/pages\/10\/revisions"}],"predecessor-version":[{"id":245,"href":"https:\/\/www.marildasimonidhi.fr\/index.php\/wp-json\/wp\/v2\/pages\/10\/revisions\/245"}],"wp:attachment":[{"href":"https:\/\/www.marildasimonidhi.fr\/index.php\/wp-json\/wp\/v2\/media?parent=10"}],"curies":[{"name":"wp","href":"https:\/\/api.w.org\/{rel}","templated":true}]}}